{"id":3334,"date":"2026-02-23T12:49:44","date_gmt":"2026-02-23T12:49:44","guid":{"rendered":"https:\/\/chaminedeletras.com.br\/store\/?post_type=product&#038;p=3334"},"modified":"2026-02-24T10:38:49","modified_gmt":"2026-02-24T10:38:49","slug":"infantil-1-kit-baby-bear-learning-fun-primeiro-semestre","status":"publish","type":"product","link":"https:\/\/chaminedeletras.com.br\/store\/produto\/infantil-1-kit-baby-bear-learning-fun-primeiro-semestre\/","title":{"rendered":"Infantil 1 &#8211; Kit Baby Bear &#8211; Learning Fun &#8211; Primeiro Semestre"},"content":{"rendered":"<p class=\"p1\">Forma de entrega: retirada.<\/p>\n<p class=\"p1\">Obs: o bloco ser\u00e1 entregue diretamente na escola, n\u00e3o precisando retirar no endere\u00e7o da Chamin\u00e9 de Letras.<\/p>\n<p>Consultem a Secretaria sobre o recebimento.<\/p>\n<p>O Kit Baby Bear (1\u00ba semestre), far\u00e1 parte das viv\u00eancias de ingl\u00eas do Projeto Learning Fun \u2013 Everyday English.<br \/>\nPedimos que identifiquem o material com o nome completo da crian\u00e7a (na sacola e na camiseta do Baby) e o enviem \u00e0 escola at\u00e9 o dia 4 de mar\u00e7o.<br \/>\nAp\u00f3s a devolu\u00e7\u00e3o, o Kit permanecer\u00e1 na Casa da Tia L\u00e9a para as atividades de ingl\u00eas.<\/p>\n<p>Ah! N\u00e3o se esque\u00e7am de escolher um nome para o Baby e preencher sua certid\u00e3o de nascimento. Isso tornar\u00e1 a experi\u00eancia ainda mais significativa e especial.<br \/>\nBoas aprendizagens! \u2728<\/p>\n","protected":false},"excerpt":{"rendered":"<p>Forma de entrega: retirada. Obs: o bloco ser\u00e1 entregue diretamente na escola, n\u00e3o precisando retirar no endere\u00e7o da Chamin\u00e9 de Letras. Consultem a Secretaria sobre o recebimento. O Kit Baby Bear (1\u00ba semestre), far\u00e1 parte das viv\u00eancias de ingl\u00eas do Projeto Learning Fun \u2013 Everyday English. Pedimos que identifiquem o material com o nome completo [&hellip;]<\/p>\n","protected":false},"featured_media":3335,"comment_status":"open","ping_status":"closed","template":"","meta":[],"product_brand":[],"product_cat":[24],"product_tag":[],"class_list":{"0":"post-3334","1":"product","2":"type-product","3":"status-publish","4":"has-post-thumbnail","6":"product_cat-infantil-1","7":"wcpa_has_options","9":"first","10":"instock","11":"shipping-taxable","12":"purchasable","13":"product-type-simple"},"yoast_head":"<!-- This site is optimized with the Yoast SEO plugin v25.6 - https:\/\/yoast.com\/wordpress\/plugins\/seo\/ -->\n<title>Infantil 1 - Kit Baby Bear - Learning Fun - Primeiro Semestre - Chamin\u00e9 de letras<\/title>\n<meta name=\"robots\" content=\"index, follow, max-snippet:-1, max-image-preview:large, max-video-preview:-1\" \/>\n<link rel=\"canonical\" href=\"https:\/\/chaminedeletras.com.br\/store\/produto\/infantil-1-kit-baby-bear-learning-fun-primeiro-semestre\/\" \/>\n<meta property=\"og:locale\" content=\"pt_BR\" \/>\n<meta property=\"og:type\" content=\"article\" \/>\n<meta property=\"og:title\" content=\"Infantil 1 - Kit Baby Bear - Learning Fun - Primeiro Semestre - Chamin\u00e9 de letras\" \/>\n<meta property=\"og:description\" content=\"Forma de entrega: retirada. Obs: o bloco ser\u00e1 entregue diretamente na escola, n\u00e3o precisando retirar no endere\u00e7o da Chamin\u00e9 de Letras. Consultem a Secretaria sobre o recebimento. O Kit Baby Bear (1\u00ba semestre), far\u00e1 parte das viv\u00eancias de ingl\u00eas do Projeto Learning Fun \u2013 Everyday English. Pedimos que identifiquem o material com o nome completo [&hellip;]\" \/>\n<meta property=\"og:url\" content=\"https:\/\/chaminedeletras.com.br\/store\/produto\/infantil-1-kit-baby-bear-learning-fun-primeiro-semestre\/\" \/>\n<meta property=\"og:site_name\" content=\"Chamin\u00e9 de letras\" \/>\n<meta property=\"article:modified_time\" content=\"2026-02-24T10:38:49+00:00\" \/>\n<meta property=\"og:image\" content=\"https:\/\/chaminedeletras.com.br\/store\/wp-content\/uploads\/2026\/02\/WhatsApp-Image-2026-02-23-at-09.31.21-2-scaled.jpeg\" \/>\n\t<meta property=\"og:image:width\" content=\"1920\" \/>\n\t<meta property=\"og:image:height\" content=\"2560\" \/>\n\t<meta property=\"og:image:type\" content=\"image\/jpeg\" \/>\n<meta name=\"twitter:card\" content=\"summary_large_image\" \/>\n<meta name=\"twitter:label1\" content=\"Est. tempo de leitura\" \/>\n\t<meta name=\"twitter:data1\" content=\"1 minuto\" \/>\n<script type=\"application\/ld+json\" class=\"yoast-schema-graph\">{\"@context\":\"https:\/\/schema.org\",\"@graph\":[{\"@type\":\"WebPage\",\"@id\":\"https:\/\/chaminedeletras.com.br\/store\/produto\/infantil-1-kit-baby-bear-learning-fun-primeiro-semestre\/\",\"url\":\"https:\/\/chaminedeletras.com.br\/store\/produto\/infantil-1-kit-baby-bear-learning-fun-primeiro-semestre\/\",\"name\":\"Infantil 1 - Kit Baby Bear - Learning Fun - Primeiro Semestre - Chamin\u00e9 de letras\",\"isPartOf\":{\"@id\":\"https:\/\/chaminedeletras.com.br\/store\/#website\"},\"primaryImageOfPage\":{\"@id\":\"https:\/\/chaminedeletras.com.br\/store\/produto\/infantil-1-kit-baby-bear-learning-fun-primeiro-semestre\/#primaryimage\"},\"image\":{\"@id\":\"https:\/\/chaminedeletras.com.br\/store\/produto\/infantil-1-kit-baby-bear-learning-fun-primeiro-semestre\/#primaryimage\"},\"thumbnailUrl\":\"https:\/\/chaminedeletras.com.br\/store\/wp-content\/uploads\/2026\/02\/WhatsApp-Image-2026-02-23-at-09.31.21-2-scaled.jpeg\",\"datePublished\":\"2026-02-23T12:49:44+00:00\",\"dateModified\":\"2026-02-24T10:38:49+00:00\",\"breadcrumb\":{\"@id\":\"https:\/\/chaminedeletras.com.br\/store\/produto\/infantil-1-kit-baby-bear-learning-fun-primeiro-semestre\/#breadcrumb\"},\"inLanguage\":\"pt-BR\",\"potentialAction\":[{\"@type\":\"ReadAction\",\"target\":[\"https:\/\/chaminedeletras.com.br\/store\/produto\/infantil-1-kit-baby-bear-learning-fun-primeiro-semestre\/\"]}]},{\"@type\":\"ImageObject\",\"inLanguage\":\"pt-BR\",\"@id\":\"https:\/\/chaminedeletras.com.br\/store\/produto\/infantil-1-kit-baby-bear-learning-fun-primeiro-semestre\/#primaryimage\",\"url\":\"https:\/\/chaminedeletras.com.br\/store\/wp-content\/uploads\/2026\/02\/WhatsApp-Image-2026-02-23-at-09.31.21-2-scaled.jpeg\",\"contentUrl\":\"https:\/\/chaminedeletras.com.br\/store\/wp-content\/uploads\/2026\/02\/WhatsApp-Image-2026-02-23-at-09.31.21-2-scaled.jpeg\",\"width\":1920,\"height\":2560},{\"@type\":\"BreadcrumbList\",\"@id\":\"https:\/\/chaminedeletras.com.br\/store\/produto\/infantil-1-kit-baby-bear-learning-fun-primeiro-semestre\/#breadcrumb\",\"itemListElement\":[{\"@type\":\"ListItem\",\"position\":1,\"name\":\"In\u00edcio\",\"item\":\"https:\/\/chaminedeletras.com.br\/store\/\"},{\"@type\":\"ListItem\",\"position\":2,\"name\":\"Loja\",\"item\":\"https:\/\/chaminedeletras.com.br\/store\/\"},{\"@type\":\"ListItem\",\"position\":3,\"name\":\"Infantil 1 &#8211; Kit Baby Bear &#8211; Learning Fun &#8211; Primeiro Semestre\"}]},{\"@type\":\"WebSite\",\"@id\":\"https:\/\/chaminedeletras.com.br\/store\/#website\",\"url\":\"https:\/\/chaminedeletras.com.br\/store\/\",\"name\":\"Chamin\u00e9 de letras\",\"description\":\"\",\"publisher\":{\"@id\":\"https:\/\/chaminedeletras.com.br\/store\/#organization\"},\"potentialAction\":[{\"@type\":\"SearchAction\",\"target\":{\"@type\":\"EntryPoint\",\"urlTemplate\":\"https:\/\/chaminedeletras.com.br\/store\/?s={search_term_string}\"},\"query-input\":{\"@type\":\"PropertyValueSpecification\",\"valueRequired\":true,\"valueName\":\"search_term_string\"}}],\"inLanguage\":\"pt-BR\"},{\"@type\":\"Organization\",\"@id\":\"https:\/\/chaminedeletras.com.br\/store\/#organization\",\"name\":\"Chamin\u00e9 de letras\",\"url\":\"https:\/\/chaminedeletras.com.br\/store\/\",\"logo\":{\"@type\":\"ImageObject\",\"inLanguage\":\"pt-BR\",\"@id\":\"https:\/\/chaminedeletras.com.br\/store\/#\/schema\/logo\/image\/\",\"url\":\"https:\/\/chaminedeletras.com.br\/store\/wp-content\/uploads\/2023\/03\/cropped-cropped-cropped-logo-chamine.png\",\"contentUrl\":\"https:\/\/chaminedeletras.com.br\/store\/wp-content\/uploads\/2023\/03\/cropped-cropped-cropped-logo-chamine.png\",\"width\":512,\"height\":512,\"caption\":\"Chamin\u00e9 de letras\"},\"image\":{\"@id\":\"https:\/\/chaminedeletras.com.br\/store\/#\/schema\/logo\/image\/\"}}]}<\/script>\n<!-- \/ Yoast SEO plugin. -->","yoast_head_json":{"title":"Infantil 1 - Kit Baby Bear - Learning Fun - Primeiro Semestre - Chamin\u00e9 de letras","robots":{"index":"index","follow":"follow","max-snippet":"max-snippet:-1","max-image-preview":"max-image-preview:large","max-video-preview":"max-video-preview:-1"},"canonical":"https:\/\/chaminedeletras.com.br\/store\/produto\/infantil-1-kit-baby-bear-learning-fun-primeiro-semestre\/","og_locale":"pt_BR","og_type":"article","og_title":"Infantil 1 - Kit Baby Bear - Learning Fun - Primeiro Semestre - Chamin\u00e9 de letras","og_description":"Forma de entrega: retirada. Obs: o bloco ser\u00e1 entregue diretamente na escola, n\u00e3o precisando retirar no endere\u00e7o da Chamin\u00e9 de Letras. Consultem a Secretaria sobre o recebimento. O Kit Baby Bear (1\u00ba semestre), far\u00e1 parte das viv\u00eancias de ingl\u00eas do Projeto Learning Fun \u2013 Everyday English. Pedimos que identifiquem o material com o nome completo [&hellip;]","og_url":"https:\/\/chaminedeletras.com.br\/store\/produto\/infantil-1-kit-baby-bear-learning-fun-primeiro-semestre\/","og_site_name":"Chamin\u00e9 de letras","article_modified_time":"2026-02-24T10:38:49+00:00","og_image":[{"width":1920,"height":2560,"url":"https:\/\/chaminedeletras.com.br\/store\/wp-content\/uploads\/2026\/02\/WhatsApp-Image-2026-02-23-at-09.31.21-2-scaled.jpeg","type":"image\/jpeg"}],"twitter_card":"summary_large_image","twitter_misc":{"Est. tempo de leitura":"1 minuto"},"schema":{"@context":"https:\/\/schema.org","@graph":[{"@type":"WebPage","@id":"https:\/\/chaminedeletras.com.br\/store\/produto\/infantil-1-kit-baby-bear-learning-fun-primeiro-semestre\/","url":"https:\/\/chaminedeletras.com.br\/store\/produto\/infantil-1-kit-baby-bear-learning-fun-primeiro-semestre\/","name":"Infantil 1 - Kit Baby Bear - Learning Fun - Primeiro Semestre - Chamin\u00e9 de letras","isPartOf":{"@id":"https:\/\/chaminedeletras.com.br\/store\/#website"},"primaryImageOfPage":{"@id":"https:\/\/chaminedeletras.com.br\/store\/produto\/infantil-1-kit-baby-bear-learning-fun-primeiro-semestre\/#primaryimage"},"image":{"@id":"https:\/\/chaminedeletras.com.br\/store\/produto\/infantil-1-kit-baby-bear-learning-fun-primeiro-semestre\/#primaryimage"},"thumbnailUrl":"https:\/\/chaminedeletras.com.br\/store\/wp-content\/uploads\/2026\/02\/WhatsApp-Image-2026-02-23-at-09.31.21-2-scaled.jpeg","datePublished":"2026-02-23T12:49:44+00:00","dateModified":"2026-02-24T10:38:49+00:00","breadcrumb":{"@id":"https:\/\/chaminedeletras.com.br\/store\/produto\/infantil-1-kit-baby-bear-learning-fun-primeiro-semestre\/#breadcrumb"},"inLanguage":"pt-BR","potentialAction":[{"@type":"ReadAction","target":["https:\/\/chaminedeletras.com.br\/store\/produto\/infantil-1-kit-baby-bear-learning-fun-primeiro-semestre\/"]}]},{"@type":"ImageObject","inLanguage":"pt-BR","@id":"https:\/\/chaminedeletras.com.br\/store\/produto\/infantil-1-kit-baby-bear-learning-fun-primeiro-semestre\/#primaryimage","url":"https:\/\/chaminedeletras.com.br\/store\/wp-content\/uploads\/2026\/02\/WhatsApp-Image-2026-02-23-at-09.31.21-2-scaled.jpeg","contentUrl":"https:\/\/chaminedeletras.com.br\/store\/wp-content\/uploads\/2026\/02\/WhatsApp-Image-2026-02-23-at-09.31.21-2-scaled.jpeg","width":1920,"height":2560},{"@type":"BreadcrumbList","@id":"https:\/\/chaminedeletras.com.br\/store\/produto\/infantil-1-kit-baby-bear-learning-fun-primeiro-semestre\/#breadcrumb","itemListElement":[{"@type":"ListItem","position":1,"name":"In\u00edcio","item":"https:\/\/chaminedeletras.com.br\/store\/"},{"@type":"ListItem","position":2,"name":"Loja","item":"https:\/\/chaminedeletras.com.br\/store\/"},{"@type":"ListItem","position":3,"name":"Infantil 1 &#8211; Kit Baby Bear &#8211; Learning Fun &#8211; Primeiro Semestre"}]},{"@type":"WebSite","@id":"https:\/\/chaminedeletras.com.br\/store\/#website","url":"https:\/\/chaminedeletras.com.br\/store\/","name":"Chamin\u00e9 de letras","description":"","publisher":{"@id":"https:\/\/chaminedeletras.com.br\/store\/#organization"},"potentialAction":[{"@type":"SearchAction","target":{"@type":"EntryPoint","urlTemplate":"https:\/\/chaminedeletras.com.br\/store\/?s={search_term_string}"},"query-input":{"@type":"PropertyValueSpecification","valueRequired":true,"valueName":"search_term_string"}}],"inLanguage":"pt-BR"},{"@type":"Organization","@id":"https:\/\/chaminedeletras.com.br\/store\/#organization","name":"Chamin\u00e9 de letras","url":"https:\/\/chaminedeletras.com.br\/store\/","logo":{"@type":"ImageObject","inLanguage":"pt-BR","@id":"https:\/\/chaminedeletras.com.br\/store\/#\/schema\/logo\/image\/","url":"https:\/\/chaminedeletras.com.br\/store\/wp-content\/uploads\/2023\/03\/cropped-cropped-cropped-logo-chamine.png","contentUrl":"https:\/\/chaminedeletras.com.br\/store\/wp-content\/uploads\/2023\/03\/cropped-cropped-cropped-logo-chamine.png","width":512,"height":512,"caption":"Chamin\u00e9 de letras"},"image":{"@id":"https:\/\/chaminedeletras.com.br\/store\/#\/schema\/logo\/image\/"}}]}},"_links":{"self":[{"href":"https:\/\/chaminedeletras.com.br\/store\/wp-json\/wp\/v2\/product\/3334","targetHints":{"allow":["GET"]}}],"collection":[{"href":"https:\/\/chaminedeletras.com.br\/store\/wp-json\/wp\/v2\/product"}],"about":[{"href":"https:\/\/chaminedeletras.com.br\/store\/wp-json\/wp\/v2\/types\/product"}],"replies":[{"embeddable":true,"href":"https:\/\/chaminedeletras.com.br\/store\/wp-json\/wp\/v2\/comments?post=3334"}],"wp:featuredmedia":[{"embeddable":true,"href":"https:\/\/chaminedeletras.com.br\/store\/wp-json\/wp\/v2\/media\/3335"}],"wp:attachment":[{"href":"https:\/\/chaminedeletras.com.br\/store\/wp-json\/wp\/v2\/media?parent=3334"}],"wp:term":[{"taxonomy":"product_brand","embeddable":true,"href":"https:\/\/chaminedeletras.com.br\/store\/wp-json\/wp\/v2\/product_brand?post=3334"},{"taxonomy":"product_cat","embeddable":true,"href":"https:\/\/chaminedeletras.com.br\/store\/wp-json\/wp\/v2\/product_cat?post=3334"},{"taxonomy":"product_tag","embeddable":true,"href":"https:\/\/chaminedeletras.com.br\/store\/wp-json\/wp\/v2\/product_tag?post=3334"}],"curies":[{"name":"wp","href":"https:\/\/api.w.org\/{rel}","templated":true}]}}